{"id":976,"date":"2022-10-19T10:36:53","date_gmt":"2022-10-19T07:36:53","guid":{"rendered":"https:\/\/www.wking.lt\/?page_id=976"},"modified":"2022-11-03T14:57:35","modified_gmt":"2022-11-03T12:57:35","slug":"pristatymas","status":"publish","type":"page","link":"https:\/\/wking.lt\/lv\/pristatymas\/","title":{"rendered":"Pieg\u0101de"},"content":{"rendered":"<div data-elementor-type=\"wp-page\" data-elementor-id=\"976\" class=\"elementor elementor-976\">\n\t\t\t\t\t\t<div class=\"elementor-inner\">\n\t\t\t\t<div class=\"elementor-section-wrap\">\n\t\t\t\t\t\t\t\t\t<section class=\"elementor-section elementor-top-section elementor-element elementor-element-92498f8 elementor-section-boxed elementor-section-height-default elementor-section-height-default\" data-id=\"92498f8\" data-element_type=\"section\">\n\t\t\t\t\t\t<div class=\"elementor-container elementor-column-gap-default\">\n\t\t\t\t\t\t\t<div class=\"elementor-row\">\n\t\t\t\t\t<div class=\"elementor-column elementor-col-100 elementor-top-column elementor-element elementor-element-f57a98a\" data-id=\"f57a98a\" data-element_type=\"column\">\n\t\t\t<div class=\"elementor-column-wrap elementor-element-populated\">\n\t\t\t\t\t\t\t<div class=\"elementor-widget-wrap\">\n\t\t\t\t\t\t<div class=\"elementor-element elementor-element-6364c1f elementor-widget elementor-widget-heading\" data-id=\"6364c1f\" data-element_type=\"widget\" data-widget_type=\"heading.default\">\n\t\t\t\t<div class=\"elementor-widget-container\">\n\t\t\t<h1 class=\"elementor-heading-title elementor-size-default\">Pieg\u0101de<\/h1>\t\t<\/div>\n\t\t\t\t<\/div>\n\t\t\t\t\t\t<\/div>\n\t\t\t\t\t<\/div>\n\t\t<\/div>\n\t\t\t\t\t\t\t\t<\/div>\n\t\t\t\t\t<\/div>\n\t\t<\/section>\n\t\t\t\t<section class=\"elementor-section elementor-top-section elementor-element elementor-element-886ff40 elementor-section-boxed elementor-section-height-default elementor-section-height-default\" data-id=\"886ff40\" data-element_type=\"section\">\n\t\t\t\t\t\t<div class=\"elementor-container elementor-column-gap-default\">\n\t\t\t\t\t\t\t<div class=\"elementor-row\">\n\t\t\t\t\t<div class=\"elementor-column elementor-col-100 elementor-top-column elementor-element elementor-element-619e31e\" data-id=\"619e31e\" data-element_type=\"column\" data-settings=\"{&quot;background_background&quot;:&quot;classic&quot;}\">\n\t\t\t<div class=\"elementor-column-wrap elementor-element-populated\">\n\t\t\t\t\t\t\t<div class=\"elementor-widget-wrap\">\n\t\t\t\t\t\t<div class=\"elementor-element elementor-element-2aaeb64 elementor-widget elementor-widget-text-editor\" data-id=\"2aaeb64\" data-element_type=\"widget\" data-widget_type=\"text-editor.default\">\n\t\t\t\t<div class=\"elementor-widget-container\">\n\t\t\t\t\t\t\t\t<div class=\"elementor-text-editor elementor-clearfix\">\n\t\t\t\t<h4>VISI PAS\u016aT\u012aJUMI TIEK PIEG\u0100D\u0100TI BEZ MAKSAS<\/h4><p>T\u0101 gaid\u012b\u0161anas saj\u016bta, kad atn\u0101ks preces? Saprotot m\u016bsu klientu nepaciet\u012bbu, preces nos\u016bt\u0101m nekav\u0113joties!<\/p><p><strong>Pieg\u0101de Lietuv\u0101<\/strong><\/p><ol><li>Omniva pasta autom\u0101ts 1-3 dienas<strong>\u00a02.99\u20ac<\/strong><\/li><li>Omniva kurjers uz m\u0101j\u0101m 1-3 dienas\u00a0<strong>4.99<\/strong><\/li><li>Izpirk\u0161ana ierakst\u012bt\u0101 v\u0113stul\u0113<strong>\u00a02.99\u20ac (m\u016bsu pasts ir sl\u0113gts pirmdien\u0101s, t\u0101p\u0113c s\u016bt\u0101m tikai no otrdienas, parasti pien\u0101k 1-3 dienu laik\u0101)<\/strong><\/li><li>Autobusu p\u0101rvad\u0101jumi<strong>\u00a04.99\u20ac<\/strong><\/li><\/ol><p><strong>Pieg\u0101de uz ES valst\u012bm<\/strong><\/p><ol><li>Ar re\u0123istr\u0113tu priorit\u0101ro pastu 5-15 dienas\u00a0<strong>4.99\u20ac &#8211; 14.99\u20ac<\/strong><\/li><li>Pieg\u0101de ar kurjeru 2-5 dienas\u00a0<strong>29.99\u20ac<\/strong><\/li><\/ol><p><strong>Pristatymas \u012f kitas \u0161alis<\/strong><\/p><ol><li>Ar re\u0123istr\u0113tu priorit\u0101ro pastu 5-15 dienas <strong>4.99\u20ac &#8211; 14.99\u20ac<\/strong><\/li><li>Pieg\u0101de ar kurjeru 2-5 dienas\u00a0<strong>39.99\u20ac<\/strong><\/li><li style=\"list-style-type: none;\">\u00a0<\/li><\/ol>\t\t\t\t\t<\/div>\n\t\t\t\t\t\t<\/div>\n\t\t\t\t<\/div>\n\t\t\t\t\t\t<\/div>\n\t\t\t\t\t<\/div>\n\t\t<\/div>\n\t\t\t\t\t\t\t\t<\/div>\n\t\t\t\t\t<\/div>\n\t\t<\/section>\n\t\t\t\t\t\t\t\t\t<\/div>\n\t\t\t<\/div>\n\t\t\t\t\t<\/div>","protected":false},"excerpt":{"rendered":"<p>Pristatymas VISI U\u017dSAKYMAI SIUN\u010cIAMI PA\u0160TOMATU NEMOKAMAI Tas laukimo jausmas, kada gi ateis prek\u0117s? Suprasdami m\u016bs\u0173 klient\u0173 nekantrum\u0105, prekes i\u0161siun\u010diame nedelsiant! Pristatymas Lietuvoje Omniva pa\u0161tomatu 1-3dd\u00a02.99\u20ac Omniva kurjeriu \u012f namus 1-3dd\u00a04.99 I\u0161perkamuoju registruotu pa\u0161tu\u00a02.99\u20ac ( Pirmadieniais m\u016bs\u0173 pa\u0161to skyrius nedirba,\u00a0 tad i\u0161siun\u010diame tik nuo antradienio, da\u017eniausiai atvyksta per 1-3dd ) Autobus\u0173 siuntos\u00a04.99\u20ac Pristatymas \u012f EU \u0161alis [&hellip;]<\/p>","protected":false},"author":1,"featured_media":0,"parent":0,"menu_order":0,"comment_status":"closed","ping_status":"open","template":"","meta":[],"aioseo_notices":[],"_links":{"self":[{"href":"https:\/\/wking.lt\/lv\/wp-json\/wp\/v2\/pages\/976"}],"collection":[{"href":"https:\/\/wking.lt\/lv\/wp-json\/wp\/v2\/pages"}],"about":[{"href":"https:\/\/wking.lt\/lv\/wp-json\/wp\/v2\/types\/page"}],"author":[{"embeddable":true,"href":"https:\/\/wking.lt\/lv\/wp-json\/wp\/v2\/users\/1"}],"replies":[{"embeddable":true,"href":"https:\/\/wking.lt\/lv\/wp-json\/wp\/v2\/comments?post=976"}],"version-history":[{"count":14,"href":"https:\/\/wking.lt\/lv\/wp-json\/wp\/v2\/pages\/976\/revisions"}],"predecessor-version":[{"id":1605,"href":"https:\/\/wking.lt\/lv\/wp-json\/wp\/v2\/pages\/976\/revisions\/1605"}],"wp:attachment":[{"href":"https:\/\/wking.lt\/lv\/wp-json\/wp\/v2\/media?parent=976"}],"curies":[{"name":"wp","href":"https:\/\/api.w.org\/{rel}","templated":true}]}}