{"id":91,"date":"2022-10-06T14:53:27","date_gmt":"2022-10-06T11:53:27","guid":{"rendered":"https:\/\/www.wking.lt\/krepselis\/"},"modified":"2022-11-09T18:37:27","modified_gmt":"2022-11-09T16:37:27","slug":"krepselis","status":"publish","type":"page","link":"https:\/\/wking.lt\/lv\/krepselis\/","title":{"rendered":"Krep\u0161elis"},"content":{"rendered":"<div data-elementor-type=\"wp-page\" data-elementor-id=\"91\" class=\"elementor elementor-91\">\n\t\t\t\t\t\t<div class=\"elementor-inner\">\n\t\t\t\t<div class=\"elementor-section-wrap\">\n\t\t\t\t\t\t\t\t\t<section class=\"elementor-section elementor-top-section elementor-element elementor-element-722e67b elementor-section-boxed elementor-section-height-default elementor-section-height-default\" data-id=\"722e67b\" data-element_type=\"section\">\n\t\t\t\t\t\t<div class=\"elementor-container elementor-column-gap-default\">\n\t\t\t\t\t\t\t<div class=\"elementor-row\">\n\t\t\t\t\t<div class=\"elementor-column elementor-col-100 elementor-top-column elementor-element elementor-element-4e7d5d3\" data-id=\"4e7d5d3\" data-element_type=\"column\">\n\t\t\t<div class=\"elementor-column-wrap elementor-element-populated\">\n\t\t\t\t\t\t\t<div class=\"elementor-widget-wrap\">\n\t\t\t\t\t\t<div class=\"elementor-element elementor-element-2b0cf22 elementor-widget elementor-widget-heading\" data-id=\"2b0cf22\" data-element_type=\"widget\" data-widget_type=\"heading.default\">\n\t\t\t\t<div class=\"elementor-widget-container\">\n\t\t\t<h1 class=\"elementor-heading-title elementor-size-default\">Krep\u0161elis<\/h1>\t\t<\/div>\n\t\t\t\t<\/div>\n\t\t\t\t\t\t<\/div>\n\t\t\t\t\t<\/div>\n\t\t<\/div>\n\t\t\t\t\t\t\t\t<\/div>\n\t\t\t\t\t<\/div>\n\t\t<\/section>\n\t\t\t\t<section class=\"elementor-section elementor-top-section elementor-element elementor-element-d70eda7 elementor-section-boxed elementor-section-height-default elementor-section-height-default\" data-id=\"d70eda7\" data-element_type=\"section\">\n\t\t\t\t\t\t<div class=\"elementor-container elementor-column-gap-default\">\n\t\t\t\t\t\t\t<div class=\"elementor-row\">\n\t\t\t\t\t<div class=\"elementor-column elementor-col-100 elementor-top-column elementor-element elementor-element-a8c53e6\" data-id=\"a8c53e6\" data-element_type=\"column\" data-settings=\"{&quot;background_background&quot;:&quot;classic&quot;}\">\n\t\t\t<div class=\"elementor-column-wrap elementor-element-populated\">\n\t\t\t\t\t\t\t<div class=\"elementor-widget-wrap\">\n\t\t\t\t\t\t<div class=\"elementor-element elementor-element-258b365 elementor-widget elementor-widget-eael-woo-cart\" data-id=\"258b365\" data-element_type=\"widget\" data-settings=\"{&quot;eael_woo_cart_components_continue_shopping_icon&quot;:{&quot;value&quot;:&quot;fas fa-chevron-left&quot;,&quot;library&quot;:&quot;fa-solid&quot;}}\" data-widget_type=\"eael-woo-cart.default\">\n\t\t\t\t<div class=\"elementor-widget-container\">\n\t\t\t                <div class=\"eael-woo-cart-wrapper eael-woo-cart-empty eael-woo-default\">\n\t\t\t\t\t\t<p class=\"return-to-shop\">\n\t\t<a class=\"button wc-backward\" href=\"https:\/\/wking.lt\/lv\/nesiojamos-koloneles\/\">\n\t\t\tAtgriezties uz veikalu\t\t<\/a>\n\t<\/p>\n                <\/div>\n\t\t\t\t        <script>document.body.classList.add(\"eael-woo-cart\");<\/script>\n\t\t\t\t<\/div>\n\t\t\t\t<\/div>\n\t\t\t\t\t\t<\/div>\n\t\t\t\t\t<\/div>\n\t\t<\/div>\n\t\t\t\t\t\t\t\t<\/div>\n\t\t\t\t\t<\/div>\n\t\t<\/section>\n\t\t\t\t\t\t\t\t\t<\/div>\n\t\t\t<\/div>\n\t\t\t\t\t<\/div>","protected":false},"excerpt":{"rendered":"<p>Krep\u0161elis Kad gautum\u0117te Wking D8 kolon\u0117l\u0119 dovan\u0173 Jums liko apsipirkti u\u017e 5,01&nbsp;&euro; Prek\u0117 Kaina Kiekis Kaina W-King D10 ne\u0161iojama Bluetooth kolon\u0117l\u0117 70W &#8211; 15600mAh 124,99&nbsp;&euro; produkto kiekis: W-King D10 ne\u0161iojama Bluetooth kolon\u0117l\u0117 70W &#8211; 15600mAh 124,99&nbsp;&euro; Coupon: Pritaikyti kupon\u0105 T\u0119sti apsipirkim\u0105 Atnaujinti krep\u0161el\u012f I\u0161 viso 128,98&nbsp;&euro; Apmok\u0117ti u\u017esakym\u0105<\/p>","protected":false},"author":1,"featured_media":0,"parent":0,"menu_order":0,"comment_status":"closed","ping_status":"closed","template":"","meta":[],"aioseo_notices":[],"_links":{"self":[{"href":"https:\/\/wking.lt\/lv\/wp-json\/wp\/v2\/pages\/91"}],"collection":[{"href":"https:\/\/wking.lt\/lv\/wp-json\/wp\/v2\/pages"}],"about":[{"href":"https:\/\/wking.lt\/lv\/wp-json\/wp\/v2\/types\/page"}],"author":[{"embeddable":true,"href":"https:\/\/wking.lt\/lv\/wp-json\/wp\/v2\/users\/1"}],"replies":[{"embeddable":true,"href":"https:\/\/wking.lt\/lv\/wp-json\/wp\/v2\/comments?post=91"}],"version-history":[{"count":82,"href":"https:\/\/wking.lt\/lv\/wp-json\/wp\/v2\/pages\/91\/revisions"}],"predecessor-version":[{"id":1759,"href":"https:\/\/wking.lt\/lv\/wp-json\/wp\/v2\/pages\/91\/revisions\/1759"}],"wp:attachment":[{"href":"https:\/\/wking.lt\/lv\/wp-json\/wp\/v2\/media?parent=91"}],"curies":[{"name":"wp","href":"https:\/\/api.w.org\/{rel}","templated":true}]}}