{"id":3,"date":"2022-10-05T07:29:48","date_gmt":"2022-10-05T07:29:48","guid":{"rendered":"https:\/\/www.wking.lt\/?page_id=3"},"modified":"2022-10-19T10:33:58","modified_gmt":"2022-10-19T07:33:58","slug":"privatumo-politika","status":"publish","type":"page","link":"https:\/\/wking.lt\/lv\/privatumo-politika\/","title":{"rendered":"Priv\u0101tuma politika"},"content":{"rendered":"<div data-elementor-type=\"wp-page\" data-elementor-id=\"3\" class=\"elementor elementor-3\">\n\t\t\t\t\t\t<div class=\"elementor-inner\">\n\t\t\t\t<div class=\"elementor-section-wrap\">\n\t\t\t\t\t\t\t\t\t<section class=\"elementor-section elementor-top-section elementor-element elementor-element-92498f8 elementor-section-boxed elementor-section-height-default elementor-section-height-default\" data-id=\"92498f8\" data-element_type=\"section\">\n\t\t\t\t\t\t<div class=\"elementor-container elementor-column-gap-default\">\n\t\t\t\t\t\t\t<div class=\"elementor-row\">\n\t\t\t\t\t<div class=\"elementor-column elementor-col-100 elementor-top-column elementor-element elementor-element-f57a98a\" data-id=\"f57a98a\" data-element_type=\"column\">\n\t\t\t<div class=\"elementor-column-wrap elementor-element-populated\">\n\t\t\t\t\t\t\t<div class=\"elementor-widget-wrap\">\n\t\t\t\t\t\t<div class=\"elementor-element elementor-element-6364c1f elementor-widget elementor-widget-heading\" data-id=\"6364c1f\" data-element_type=\"widget\" data-widget_type=\"heading.default\">\n\t\t\t\t<div class=\"elementor-widget-container\">\n\t\t\t<h1 class=\"elementor-heading-title elementor-size-default\">Priv\u0101tuma politika<\/h1>\t\t<\/div>\n\t\t\t\t<\/div>\n\t\t\t\t\t\t<\/div>\n\t\t\t\t\t<\/div>\n\t\t<\/div>\n\t\t\t\t\t\t\t\t<\/div>\n\t\t\t\t\t<\/div>\n\t\t<\/section>\n\t\t\t\t<section class=\"elementor-section elementor-top-section elementor-element elementor-element-886ff40 elementor-section-boxed elementor-section-height-default elementor-section-height-default\" data-id=\"886ff40\" data-element_type=\"section\">\n\t\t\t\t\t\t<div class=\"elementor-container elementor-column-gap-default\">\n\t\t\t\t\t\t\t<div class=\"elementor-row\">\n\t\t\t\t\t<div class=\"elementor-column elementor-col-100 elementor-top-column elementor-element elementor-element-619e31e\" data-id=\"619e31e\" data-element_type=\"column\" data-settings=\"{&quot;background_background&quot;:&quot;classic&quot;}\">\n\t\t\t<div class=\"elementor-column-wrap elementor-element-populated\">\n\t\t\t\t\t\t\t<div class=\"elementor-widget-wrap\">\n\t\t\t\t\t\t<div class=\"elementor-element elementor-element-2aaeb64 elementor-widget elementor-widget-text-editor\" data-id=\"2aaeb64\" data-element_type=\"widget\" data-widget_type=\"text-editor.default\">\n\t\t\t\t<div class=\"elementor-widget-container\">\n\t\t\t\t\t\t\t\t<div class=\"elementor-text-editor elementor-clearfix\">\n\t\t\t\t<p>Mums r\u016bp j\u016bsu priv\u0101tums un personas datu dro\u0161\u012bba. Ar \u0161iem priv\u0101tuma noteikumiem m\u0113s WKING.LT defin\u0113jam un izskaidrojam, k\u0101 tiek v\u0101kti un t\u0101l\u0101k apstr\u0101d\u0101ti j\u016bsu personas dati, kad izmantojat \u0161o vietni (pidu.lt).<\/p><p>\u0160\u012b priv\u0101tuma politika tika atjaunin\u0101ta 10\/03\/2019.<\/p><p>Eiropas Parlamenta un Padomes 2016. gada \u012asteno\u0161anas regula (ES) 2016\/679 27. apr\u012blis fizisko personu aizsardz\u012bbai personas datu apstr\u0101d\u0113 un \u0161\u0101du datu br\u012bvai apriti un ar ko tiek atcelta Direkt\u012bva 95\/46\/EK (Visp\u0101r\u012bg\u0101 datu aizsardz\u012bbas regula), m\u0113s ap\u0146emamies b\u016bt p\u0101rredzami, sniedzot skaidru inform\u0101ciju par to, k\u0101di ir j\u016bsu personas dati. tiek apstr\u0101d\u0101ta, apstr\u0101des m\u0113r\u0137i, personas datu glab\u0101\u0161anas termi\u0146\u0161, k\u0101 ar\u012b datu apstr\u0101des tiesiskais pamats un cita inform\u0101cija, kas mums j\u0101sniedz saska\u0146\u0101 ar sp\u0113k\u0101 eso\u0161ajiem ties\u012bbu aktiem.<\/p><h3>K\u0101 m\u0113s apkopojam inform\u0101ciju par jums<\/h3><ol><li>Sazinoties ar mums tie\u0161i pa e-pastu pa pastu vai t\u0101lruni, kas ir nor\u0101d\u012bti m\u016bsu vietn\u0113 WKING.LT<\/li><li>Veicot pas\u016bt\u012bjumu vai aizpildot sazi\u0146as veidlapu m\u016bsu vietn\u0113 WKING.LT<\/li><li>S\u012bkdat\u0146u izmanto\u0161ana m\u016bsu Pidu.LT vietn\u0113<\/li><\/ol><h3>K\u0101du inform\u0101ciju m\u0113s apkopojam par jums?<\/h3><ol><li>V\u0101rds Uzv\u0101rds;<\/li><li>e-pasts pasta adrese;<\/li><li>Telefona numurs;<\/li><li>Pieg\u0101des adrese.<\/li><\/ol><h3>K\u0101 m\u0113s apstr\u0101d\u0101jam j\u016bsu datus<\/h3><ol><li>M\u0113s izmantojam j\u016bsu datus, lai saska\u0146otu pas\u016bt\u012bjuma inform\u0101ciju un pieg\u0101d\u0101tu pas\u016bt\u012bt\u0101s preces uz nor\u0101d\u012bto adresi. Ar\u012b e-pasts Par pas\u016bt\u012bjuma izpildes gaitu inform\u0113jam pa pastu vai telefonu.<\/li><li>P\u0113c j\u016bsu piekri\u0161anas un apstiprin\u0101juma sa\u0146em\u0161anas m\u0113s nos\u016bt\u0101m jums jaunumus ar inform\u0101ciju par jauniem produktiem, akcij\u0101m un citu interesantu saturu.<\/li><li>M\u0113s analiz\u0113jam j\u016bsu p\u0101rl\u016bko\u0161anas paradumus, lai nep\u0101rtraukti uzlabotu m\u016bsu vietni un m\u016bsu p\u0101rdoto produktu daudzveid\u012bbu un kvalit\u0101ti.<\/li><\/ol><h3>Datu izpau\u0161ana tre\u0161aj\u0101m person\u0101m<\/h3><ol><li>M\u0113s izpau\u017eam J\u016bsu personas datus tre\u0161aj\u0101m person\u0101m tikai t\u0101d\u0113\u013c, lai nodro\u0161in\u0101tu m\u016bsu pakalpojumu darb\u012bbu un kvalit\u0101ti.<\/li><li>M\u0113s sniedzam j\u016bsu datus kurjeru komp\u0101nijai, kas pieg\u0101d\u0101 pas\u016bt\u012bjumus m\u016bsu klientiem Lietuv\u0101.<\/li><li>M\u0113s glab\u0101jam J\u016bsu personas datus m\u016bsu partneru serveros, lai nodro\u0161in\u0101tu netrauc\u0113tu m\u016bsu vietnes tehnisko darb\u012bbu.<\/li><li>M\u0113s sniedzam j\u016bsu datus bi\u013cetenu programmat\u016bras nodro\u0161in\u0101t\u0101jam, lai m\u0113s var\u0113tu jums nos\u016bt\u012bt bi\u013cetenu. Atg\u0101din\u0101m, ka informat\u012bvais izdevums tiek nos\u016bt\u012bts tikai tiem vietnes lietot\u0101jiem, kuri ir piekritu\u0161i un apstiprin\u0101ju\u0161i m\u016bsu bi\u013cetena sa\u0146em\u0161anu.<\/li><li>M\u0113s sniedzam j\u016bsu datus valsts vai likum\u012bgajiem p\u0101rst\u0101vjiem, ja to pieprasa Lietuvas Republikas ties\u012bbu akti.<\/li><\/ol><h3>Cik ilgi m\u0113s glab\u0101jam j\u016bsu datus<\/h3><ol><li>Pas\u016bt\u012bjuma dati tiek glab\u0101ti l\u012bdz br\u012bdim, kad piepras\u0101t, lai m\u0113s dz\u0113stu savus datus no m\u016bsu datu b\u0101zes sist\u0113mas, bet ne maz\u0101k k\u0101 nepiecie\u0161ams pas\u016bt\u012bjuma izpildei.<\/li><li>Dati, kas sniegti, lai sa\u0146emtu pazi\u0146ojumus par jaunumiem, tiks glab\u0101ti tik ilgi, kam\u0113r v\u0113l\u0113sities sa\u0146emt m\u016bsu tie\u0161\u0101 m\u0101rketinga zi\u0146ojumus. J\u016bs varat atteikties no m\u016bsu e-pasta abon\u0113\u0161anas, noklik\u0161\u0137inot uz saites \"Atteikties no abon\u0113\u0161anas\" e-pasta apak\u0161\u0101.<\/li><\/ol><h3>K\u0101 m\u0113s aizsarg\u0101jam j\u016bsu datus<\/h3><p>M\u0113s glab\u0101jam inform\u0101ciju uzticamos serveros. M\u0113s ar\u012b \u0161ifr\u0113jam datu p\u0101rraidi, izmantojot Secure Sockets Layer (SSL) tehnolo\u0123iju.<\/p><p>Lai gan m\u0113s cen\u0161amies maksim\u0101li aizsarg\u0101t j\u016bsu personisko inform\u0101ciju, m\u0113s nevaram garant\u0113t t\u0101s 100% dro\u0161\u012bbu, jo datu s\u016bt\u012b\u0161ana internet\u0101 nav piln\u012bb\u0101 dro\u0161a (piem., hakeru uzlau\u0161anas gad\u012bjumos), t\u0101p\u0113c, iesniedzot inform\u0101ciju pa e-pastu pa pastu vai aizpildot sazi\u0146as veidlapu m\u016bsu vietn\u0113, j\u016bs uz\u0146ematies zin\u0101mu personisku atbild\u012bbu un risku.<\/p><h3>S\u012bkdat\u0146u izmanto\u0161ana t\u012bmek\u013ca vietn\u0113<\/h3><p>M\u0113s izmantojam s\u012bkdatnes norm\u0101lai un netrauc\u0113tai vietnes darb\u012bbai.<\/p><h3>J\u016bsu ties\u012bbas attiec\u012bb\u0101 uz j\u016bsu personas datiem<\/h3><ol><li>J\u016bs jebkur\u0101 br\u012bd\u012b varat uzzin\u0101t, k\u0101dus personas datus m\u0113s apstr\u0101d\u0101jam un glab\u0101jam;<\/li><li>J\u016bs jebkur\u0101 laik\u0101 varat piepras\u012bt papildin\u0101t vai labot savus personas datus;<\/li><li>J\u016bs jebkur\u0101 laik\u0101 varat piepras\u012bt mums dz\u0113st visus vai da\u013cu no j\u016bsu personas datiem;<\/li><li>J\u016bs jebkur\u0101 laik\u0101 varat l\u016bgt mums ierobe\u017eot J\u016bsu personas datu apstr\u0101di;<\/li><li>Piepras\u012bjumu sa\u0146emt inform\u0101ciju par savu personas datu izmanto\u0161anu CSV vai PDF izraksta veid\u0101 varat iesniegt jebkur\u0101 laik\u0101.<\/li><\/ol><p>Par savu datu uzglab\u0101\u0161anu, apstr\u0101di, iz\u0146em\u0161anu vai sa\u0146em\u0161anu varat pieteikties pa e-pastu. pa pastu info@wking.lt<\/p><h3>Priv\u0101tuma politikas izmai\u0146as<\/h3><ul><li>M\u0113s regul\u0101ri piel\u0101gojam un papildin\u0101m savu priv\u0101tuma politiku;<\/li><li>\u0160\u012b priv\u0101tuma politika ir publiski un br\u012bvi pieejama visiem m\u016bsu vietnes apmekl\u0113t\u0101jiem m\u016bsu vietn\u0113 WKING.LT<\/li><li>Izmai\u0146u datumu m\u0113s vienm\u0113r public\u0113jam priv\u0101tuma politikas noteikumu apraksta s\u0101kum\u0101.<\/li><\/ul>\t\t\t\t\t<\/div>\n\t\t\t\t\t\t<\/div>\n\t\t\t\t<\/div>\n\t\t\t\t\t\t<\/div>\n\t\t\t\t\t<\/div>\n\t\t<\/div>\n\t\t\t\t\t\t\t\t<\/div>\n\t\t\t\t\t<\/div>\n\t\t<\/section>\n\t\t\t\t\t\t\t\t\t<\/div>\n\t\t\t<\/div>\n\t\t\t\t\t<\/div>","protected":false},"excerpt":{"rendered":"<p>Privatumo politika Mums r\u016bpi J\u016bs\u0173 privatumas ir asmens duomen\u0173 saugumas. \u0160iomis privatumo taisykl\u0117mis mes\u00a0WKING.LT\u00a0nustatome ir paai\u0161kiname kaip yra renkami ir toliau tvarkomi J\u016bs\u0173 asmens duomenys Jums naudojantis \u0161ia interneto svetaine (pidu.lt). \u0160i privatumo politika atnaujinta 2019-10-03. \u012egyvendindami Europos Parlamento ir Tarybos Reglament\u0105 (ES) 2016\/679 2016 m. baland\u017eio 27 d. d\u0117l fizini\u0173 asmen\u0173 apsaugos tvarkant asmens [&hellip;]<\/p>","protected":false},"author":1,"featured_media":0,"parent":0,"menu_order":0,"comment_status":"closed","ping_status":"open","template":"","meta":[],"aioseo_notices":[],"_links":{"self":[{"href":"https:\/\/wking.lt\/lv\/wp-json\/wp\/v2\/pages\/3"}],"collection":[{"href":"https:\/\/wking.lt\/lv\/wp-json\/wp\/v2\/pages"}],"about":[{"href":"https:\/\/wking.lt\/lv\/wp-json\/wp\/v2\/types\/page"}],"author":[{"embeddable":true,"href":"https:\/\/wking.lt\/lv\/wp-json\/wp\/v2\/users\/1"}],"replies":[{"embeddable":true,"href":"https:\/\/wking.lt\/lv\/wp-json\/wp\/v2\/comments?post=3"}],"version-history":[{"count":26,"href":"https:\/\/wking.lt\/lv\/wp-json\/wp\/v2\/pages\/3\/revisions"}],"predecessor-version":[{"id":975,"href":"https:\/\/wking.lt\/lv\/wp-json\/wp\/v2\/pages\/3\/revisions\/975"}],"wp:attachment":[{"href":"https:\/\/wking.lt\/lv\/wp-json\/wp\/v2\/media?parent=3"}],"curies":[{"name":"wp","href":"https:\/\/api.w.org\/{rel}","templated":true}]}}