{"id":1451,"date":"2022-10-28T10:26:52","date_gmt":"2022-10-28T07:26:52","guid":{"rendered":"https:\/\/www.wking.lt\/?page_id=1451"},"modified":"2022-11-04T16:16:12","modified_gmt":"2022-11-04T14:16:12","slug":"koloneles-su-broku","status":"publish","type":"page","link":"https:\/\/wking.lt\/lv\/koloneles-su-broku\/","title":{"rendered":"Kolonnas ar defektu"},"content":{"rendered":"<div data-elementor-type=\"wp-page\" data-elementor-id=\"1451\" class=\"elementor elementor-1451\">\n\t\t\t\t\t\t<div class=\"elementor-inner\">\n\t\t\t\t<div class=\"elementor-section-wrap\">\n\t\t\t\t\t\t\t\t\t<section class=\"elementor-section elementor-top-section elementor-element elementor-element-955fec1 elementor-section-boxed elementor-section-height-default elementor-section-height-default\" data-id=\"955fec1\" data-element_type=\"section\">\n\t\t\t\t\t\t<div class=\"elementor-container elementor-column-gap-default\">\n\t\t\t\t\t\t\t<div class=\"elementor-row\">\n\t\t\t\t\t<div class=\"elementor-column elementor-col-100 elementor-top-column elementor-element elementor-element-ecd40fe\" data-id=\"ecd40fe\" data-element_type=\"column\">\n\t\t\t<div class=\"elementor-column-wrap elementor-element-populated\">\n\t\t\t\t\t\t\t<div class=\"elementor-widget-wrap\">\n\t\t\t\t\t\t<div class=\"elementor-element elementor-element-062178f elementor-invisible elementor-widget elementor-widget-heading\" data-id=\"062178f\" data-element_type=\"widget\" data-settings=\"{&quot;_animation&quot;:&quot;fadeInDown&quot;}\" data-widget_type=\"heading.default\">\n\t\t\t\t<div class=\"elementor-widget-container\">\n\t\t\t<h1 class=\"elementor-heading-title elementor-size-default\">W-king ska\u013cru\u0146i ir lietoti vai boj\u0101ti<\/h1>\t\t<\/div>\n\t\t\t\t<\/div>\n\t\t\t\t\t\t<\/div>\n\t\t\t\t\t<\/div>\n\t\t<\/div>\n\t\t\t\t\t\t\t\t<\/div>\n\t\t\t\t\t<\/div>\n\t\t<\/section>\n\t\t\t\t<section class=\"elementor-section elementor-top-section elementor-element elementor-element-f67a5e2 elementor-section-boxed elementor-section-height-default elementor-section-height-default elementor-invisible\" data-id=\"f67a5e2\" data-element_type=\"section\" data-settings=\"{&quot;animation&quot;:&quot;fadeIn&quot;}\">\n\t\t\t\t\t\t<div class=\"elementor-container elementor-column-gap-default\">\n\t\t\t\t\t\t\t<div class=\"elementor-row\">\n\t\t\t\t\t<div class=\"elementor-column elementor-col-100 elementor-top-column elementor-element elementor-element-baca6f5\" data-id=\"baca6f5\" data-element_type=\"column\">\n\t\t\t<div class=\"elementor-column-wrap elementor-element-populated\">\n\t\t\t\t\t\t\t<div class=\"elementor-widget-wrap\">\n\t\t\t\t\t\t<div class=\"elementor-element elementor-element-1241f6b elementor-grid-3 elementor-product-loop-item--align-left elementor-grid-tablet-3 elementor-grid-mobile-2 elementor-products-grid elementor-wc-products elementor-widget elementor-widget-woocommerce-products\" data-id=\"1241f6b\" data-element_type=\"widget\" data-widget_type=\"woocommerce-products.default\">\n\t\t\t\t<div class=\"elementor-widget-container\">\n\t\t\t<div class=\"woocommerce columns-3\"><ul class=\"products elementor-grid columns-3\">\n<li class=\"product type-product post-11156 status-publish first instock product_cat-koloneles-su-broku product_tag-wking has-post-thumbnail sale taxable shipping-taxable purchasable product-type-variable\">\n\t<\/li>\n<li class=\"product type-product post-6726 status-publish instock product_cat-koloneles-su-broku product_tag-wking has-post-thumbnail sale taxable shipping-taxable purchasable product-type-variable\">\n\t<\/li>\n<li class=\"product type-product post-2196 status-publish last outofstock product_cat-koloneles-su-broku product_tag-wking has-post-thumbnail sale taxable shipping-taxable purchasable product-type-variable\">\n\t<\/li>\n<li class=\"product type-product post-1669 status-publish first instock product_cat-koloneles-su-broku has-post-thumbnail sale taxable shipping-taxable purchasable product-type-variable\">\n\t<\/li>\n<li class=\"product type-product post-1650 status-publish instock product_cat-koloneles-su-broku has-post-thumbnail sale taxable shipping-taxable purchasable product-type-variable\">\n\t<\/li>\n<li class=\"product type-product post-1472 status-publish last instock product_cat-koloneles-su-broku has-post-thumbnail sale taxable shipping-taxable purchasable product-type-variable\">\n\t<\/li>\n<li class=\"product type-product post-1466 status-publish first instock product_cat-koloneles-su-broku has-post-thumbnail sale taxable shipping-taxable purchasable product-type-variable\">\n\t<\/li>\n<li class=\"product type-product post-1446 status-publish instock product_cat-koloneles-su-broku has-post-thumbnail sale taxable shipping-taxable purchasable product-type-variable\">\n\t<\/li>\n<\/ul>\n<\/div>\t\t<\/div>\n\t\t\t\t<\/div>\n\t\t\t\t\t\t<\/div>\n\t\t\t\t\t<\/div>\n\t\t<\/div>\n\t\t\t\t\t\t\t\t<\/div>\n\t\t\t\t\t<\/div>\n\t\t<\/section>\n\t\t\t\t\t\t\t\t\t<\/div>\n\t\t\t<\/div>\n\t\t\t\t\t<\/div>","protected":false},"excerpt":{"rendered":"<p>W-king ska\u013cru\u0146i ir lietoti vai boj\u0101ti<\/p>","protected":false},"author":1,"featured_media":0,"parent":0,"menu_order":0,"comment_status":"closed","ping_status":"closed","template":"","meta":[],"aioseo_notices":[],"_links":{"self":[{"href":"https:\/\/wking.lt\/lv\/wp-json\/wp\/v2\/pages\/1451"}],"collection":[{"href":"https:\/\/wking.lt\/lv\/wp-json\/wp\/v2\/pages"}],"about":[{"href":"https:\/\/wking.lt\/lv\/wp-json\/wp\/v2\/types\/page"}],"author":[{"embeddable":true,"href":"https:\/\/wking.lt\/lv\/wp-json\/wp\/v2\/users\/1"}],"replies":[{"embeddable":true,"href":"https:\/\/wking.lt\/lv\/wp-json\/wp\/v2\/comments?post=1451"}],"version-history":[{"count":13,"href":"https:\/\/wking.lt\/lv\/wp-json\/wp\/v2\/pages\/1451\/revisions"}],"predecessor-version":[{"id":1668,"href":"https:\/\/wking.lt\/lv\/wp-json\/wp\/v2\/pages\/1451\/revisions\/1668"}],"wp:attachment":[{"href":"https:\/\/wking.lt\/lv\/wp-json\/wp\/v2\/media?parent=1451"}],"curies":[{"name":"wp","href":"https:\/\/api.w.org\/{rel}","templated":true}]}}